{"id":217,"date":"2023-11-23T09:59:35","date_gmt":"2023-11-23T09:59:35","guid":{"rendered":"http:\/\/mupuc.de\/?page_id=217"},"modified":"2023-11-23T10:01:20","modified_gmt":"2023-11-23T10:01:20","slug":"datenschutz","status":"publish","type":"page","link":"https:\/\/mupuc.de\/en\/datenschutz","title":{"rendered":"Data Protection"},"content":{"rendered":"<p>[et_pb_section fb_built=&#8220;1&#8243; _builder_version=&#8220;4.23.1&#8243; _module_preset=&#8220;default&#8220; global_colors_info=&#8220;{}&#8220;][et_pb_row _builder_version=&#8220;4.23.1&#8243; _module_preset=&#8220;default&#8220; global_colors_info=&#8220;{}&#8220;][et_pb_column type=&#8220;4_4&#8243; _builder_version=&#8220;4.23.1&#8243; _module_preset=&#8220;default&#8220; global_colors_info=&#8220;{}&#8220;][et_pb_text _builder_version=&#8220;4.23.1&#8243; _module_preset=&#8220;default&#8220; hover_enabled=&#8220;0&#8243; global_colors_info=&#8220;{}&#8220; sticky_enabled=&#8220;0&#8243;]<\/p>\n<div itemprop=\"text\">\n<div data-elementor-type=\"wp-page\" data-elementor-id=\"703\">\n<section data-id=\"6b6a3bfe\" data-element_type=\"section\">\n<div>\n<div data-id=\"33eeebd0\" data-element_type=\"column\">\n<div>\n<div data-id=\"18c49caa\" data-element_type=\"widget\" data-widget_type=\"text-editor.default\">\n<div>\n<header>\n<h1 itemprop=\"headline\">Data Protection<\/h1>\n<\/header>\n<div itemprop=\"text\">\n<div data-elementor-type=\"wp-page\" data-elementor-id=\"1439\">\n<section data-id=\"6b6a3bfe\" data-element_type=\"section\">\n<div>\n<div data-id=\"33eeebd0\" data-element_type=\"column\">\n<div>\n<div data-id=\"18c49caa\" data-element_type=\"widget\" data-widget_type=\"text-editor.default\">\n<div>\n<p>Datenschutzerkl\u00e4rung<\/p>\n<h3>Verantwortlicher\u00a0im Sinne der Datenschutzgesetze, insbesondere der EU-Datenschutzgrundverordnung\u00a0(DSGVO), ist:<\/h3>\n<p>Andreas M\u00fcller<br \/>Netzgraben 18<br \/>65558 Kaltenholzhausen<\/p>\n<p>E-Mail: kontakt(at)mupuc.de<\/p>\n<h3>Ihre Betroffenenrechte<\/h3>\n<p>Unter den angegebenen\u00a0Kontaktdaten unseres Datenschutzbeauftragten k\u00f6nnen Sie jederzeit folgende\u00a0Rechte aus\u00fcben:<\/p>\n<ul>\n<li>Auskunft \u00fcber Ihre bei uns gespeicherten Daten und deren Verarbeitung (Art. 15 DSGVO),<\/li>\n<li>Berichtigung unrichtiger personenbezogener Daten (Art. 16 DSGVO),<\/li>\n<li>L\u00f6schung Ihrer bei uns gespeicherten Daten (Art. 17 DSGVO),<\/li>\n<li>Einschr\u00e4nkung der Datenverarbeitung, sofern wir Ihre Daten aufgrund gesetzlicher Pflichten noch nicht l\u00f6schen d\u00fcrfen (Art. 18 DSGVO),<\/li>\n<li>Widerspruch gegen die Verarbeitung Ihrer Daten bei uns (Art. 21 DSGVO) und<\/li>\n<li>Daten\u00fcbertragbarkeit, sofern Sie in die Datenverarbeitung eingewilligt haben oder einen Vertrag mit uns abgeschlossen haben (Art. 20 DSGVO).<\/li>\n<\/ul>\n<p>Sofern Sie uns\u00a0eine Einwilligung erteilt haben, k\u00f6nnen Sie diese jederzeit mit Wirkung f\u00fcr die\u00a0Zukunft widerrufen. Sie k\u00f6nnen sich jederzeit mit einer Beschwerde an\u00a0eine\u00a0Aufsichtsbeh\u00f6rde wenden, z. B. an die zust\u00e4ndige Aufsichtsbeh\u00f6rde des\u00a0Bundeslands Ihres Wohnsitzes oder an die f\u00fcr uns als verantwortliche Stelle\u00a0zust\u00e4ndige\u00a0Beh\u00f6rde.<br \/>Eine Liste der\u00a0Aufsichtsbeh\u00f6rden (f\u00fcr den nicht\u00f6ffentlichen Bereich) mit Anschrift finden Sie\u00a0unter:\u00a0https:\/\/www.bfdi.bund.de\/DE\/Infothek\/Anschriften_Links\/anschriften_links-node.html.\u00a0<\/p>\n<h3>Erfassung allgemeiner Informationen beim Besuch\u00a0unserer Website<\/h3>\n<h4>Art und Zweck der Verarbeitung:<\/h4>\n<p>Wenn Sie auf unsere Website zugreifen, d.h., wenn Sie sich nicht\u00a0registrieren oder anderweitig Informationen \u00fcbermitteln, werden automatisch\u00a0Informationen\u00a0allgemeiner Natur erfasst. Diese Informationen (Server-Logfiles)\u00a0beinhalten etwa die Art des Webbrowsers, das verwendete Betriebssystem, den\u00a0Domainnamen Ihres\u00a0Internet-Service-Providers, Ihre IP-Adresse und \u00e4hnliches.<\/p>\n<p>Sie werden insbesondere zu folgenden Zwecken verarbeitet:<\/p>\n<ul>\n<li>Sicherstellung eines problemlosen Verbindungsaufbaus der Website,<\/li>\n<li>Sicherstellung einer reibungslosen Nutzung unserer Website,<\/li>\n<li>Auswertung der Systemsicherheit und -stabilit\u00e4t sowie zu weiteren administrativen Zwecken.<\/li>\n<\/ul>\n<p>Wir verwenden Ihre Daten nicht, um R\u00fcckschl\u00fcsse auf Ihre Person zu ziehen.\u00a0Informationen dieser Art werden von uns ggfs. statistisch ausgewertet, um\u00a0unseren\u00a0Internetauftritt und die dahinterstehende Technik zu optimieren.<\/p>\n<h4>Rechtsgrundlage:<\/h4>\n<p>Die Verarbeitung erfolgt gem\u00e4\u00df Art. 6 Abs. 1 lit. f DSGVO auf Basis unseres\u00a0berechtigten Interesses an der Verbesserung der Stabilit\u00e4t und Funktionalit\u00e4t\u00a0unserer\u00a0Website.<\/p>\n<h4>Empf\u00e4nger:<\/h4>\n<p>Empf\u00e4nger der Daten sind ggf. technische Dienstleister, die f\u00fcr den Betrieb\u00a0und die Wartung unserer Webseite als Auftragsverarbeiter t\u00e4tig werden.<\/p>\n<h4>Speicherdauer:<\/h4>\n<p>Die Daten werden gel\u00f6scht, sobald diese f\u00fcr den Zweck der Erhebung nicht\u00a0mehr erforderlich sind. Dies ist f\u00fcr die Daten, die der Bereitstellung der\u00a0Webseite dienen,\u00a0grunds\u00e4tzlich der Fall, wenn die jeweilige Sitzung beendet\u00a0ist.<\/p>\n<h4>Bereitstellung vorgeschrieben oder erforderlich:<\/h4>\n<p>Die Bereitstellung der vorgenannten personenbezogenen Daten ist weder\u00a0gesetzlich noch vertraglich vorgeschrieben. Ohne die IP-Adresse ist jedoch der\u00a0Dienst und\u00a0die Funktionsf\u00e4higkeit unserer Website nicht gew\u00e4hrleistet. Zudem\u00a0k\u00f6nnen einzelne Dienste und Services nicht verf\u00fcgbar oder eingeschr\u00e4nkt sein.\u00a0Aus diesem\u00a0Grund ist ein Widerspruch ausgeschlossen.<\/p>\n<h3>Cookies<\/h3>\n<h4>Art und Zweck der\u00a0Verarbeitung:<\/h4>\n<p>Wie viele andere Webseiten verwenden wir auch so genannte \u201eCookies\u201c. Bei\u00a0Cookies handelt es sich um kleine Textdateien, die auf Ihrem Endger\u00e4t (Laptop,\u00a0Tablet,\u00a0Smartphone o.\u00e4.) gespeichert werden, wenn Sie unsere Webseite besuchen.<br \/>Hierdurch erhalten wir bestimmte Daten wie z. B. IP-Adresse, verwendeter\u00a0Browser und Betriebssystem.<br \/>Cookies k\u00f6nnen nicht verwendet werden, um Programme zu starten oder Viren\u00a0auf einen Computer zu \u00fcbertragen. Anhand der in Cookies enthaltenen\u00a0Informationen\u00a0k\u00f6nnen wir Ihnen die Navigation erleichtern und die korrekte\u00a0Anzeige unserer Webseiten erm\u00f6glichen.<br \/>In keinem Fall werden die von uns erfassten Daten an Dritte weitergegeben\u00a0oder ohne Ihre Einwilligung eine Verkn\u00fcpfung mit personenbezogenen Daten\u00a0hergestellt.<br \/>Nat\u00fcrlich k\u00f6nnen Sie unsere Website grunds\u00e4tzlich auch ohne Cookies\u00a0betrachten. Internet-Browser sind regelm\u00e4\u00dfig so eingestellt, dass sie Cookies\u00a0akzeptieren. Im\u00a0Allgemeinen k\u00f6nnen Sie die Verwendung von Cookies jederzeit\u00a0\u00fcber die Einstellungen Ihres Browsers deaktivieren. Bitte verwenden Sie die\u00a0Hilfefunktionen Ihres\u00a0Internetbrowsers, um zu erfahren, wie Sie diese\u00a0Einstellungen \u00e4ndern k\u00f6nnen. Bitte beachten Sie, dass einzelne Funktionen\u00a0unserer Website m\u00f6glicherweise nicht\u00a0funktionieren, wenn Sie die Verwendung von\u00a0Cookies deaktiviert haben.<\/p>\n<h4>Speicherdauer und eingesetzte Cookies:<\/h4>\n<p>Soweit Sie uns durch Ihre Browsereinstellungen oder Zustimmung die Verwendung\u00a0von Cookies erlauben, k\u00f6nnen folgende Cookies auf unseren Webseiten zum\u00a0Einsatz\u00a0kommen:<br \/>Soweit diese Cookies (auch) personenbezogene Daten betreffen k\u00f6nnen,\u00a0informieren wir Sie dar\u00fcber in den folgenden Abschnitten.<\/p>\n<p>Sie k\u00f6nnen \u00fcber Ihre Browsereinstellungen einzelne Cookies oder den\u00a0gesamten Cookie-Bestand l\u00f6schen. Dar\u00fcber hinaus erhalten Sie Informationen und\u00a0Anleitungen, wie diese Cookies gel\u00f6scht oder deren Speicherung vorab blockiert\u00a0werden k\u00f6nnen. Je nach Anbieter Ihres Browsers finden Sie die notwendigen\u00a0Informationen unter den nachfolgenden Links:<\/p>\n<ul>\n<li>Mozilla Firefox: https:\/\/support.mozilla.org\/de\/kb\/cookies-loeschen-daten-von-websites-entfernen<\/li>\n<li>Internet Explorer: https:\/\/support.microsoft.com\/de-de\/help\/17442\/windows-internet-explorer-delete-manage-cookies<\/li>\n<li>Google Chrome: https:\/\/support.google.com\/accounts\/answer\/61416?hl=de<\/li>\n<li>Opera: http:\/\/www.opera.com\/de\/help<\/li>\n<li>Safari: https:\/\/support.apple.com\/kb\/PH17191?locale=de_DE&amp;viewlocale=de_DE<\/li>\n<\/ul>\n<h3>Kontaktformular<\/h3>\n<h4>Art und Zweck der\u00a0Verarbeitung:<\/h4>\n<p>Die von Ihnen eingegebenen Daten werden zum Zweck der individuellen\u00a0Kommunikation mit Ihnen gespeichert. Hierf\u00fcr ist die Angabe einer validen\u00a0E-Mail-Adresse\u00a0sowie Ihres Namens erforderlich. Diese dient der Zuordnung der\u00a0Anfrage und der anschlie\u00dfenden Beantwortung derselben. Die Angabe weiterer\u00a0Daten ist optional.<\/p>\n<h4>Rechtsgrundlage:<\/h4>\n<p>Die Verarbeitung der in das Kontaktformular eingegebenen Daten erfolgt auf\u00a0der Grundlage eines berechtigten Interesses (Art. 6 Abs. 1 lit. f DSGVO).<br \/>Durch Bereitstellung des Kontaktformulars m\u00f6chten wir Ihnen eine\u00a0unkomplizierte Kontaktaufnahme erm\u00f6glichen. Ihre gemachten Angaben werden zum\u00a0Zwecke der\u00a0Bearbeitung der Anfrage sowie f\u00fcr m\u00f6gliche Anschlussfragen gespeichert.<br \/>Sofern Sie mit uns Kontakt aufnehmen, um ein Angebot zu erfragen, erfolgt\u00a0die Verarbeitung der in das Kontaktformular eingegebenen Daten zur Durchf\u00fchrung\u00a0vorvertraglicher Ma\u00dfnahmen (Art. 6 Abs. 1 lit. b DSGVO).<\/p>\n<h4>Empf\u00e4nger:<\/h4>\n<p>Empf\u00e4nger der Daten sind ggf. Auftragsverarbeiter.<\/p>\n<h4>Speicherdauer:<\/h4>\n<p>Daten werden sp\u00e4testens 6 Monate nach Bearbeitung der Anfrage gel\u00f6scht.<br \/>Sofern es zu einem Vertragsverh\u00e4ltnis kommt, unterliegen wir den\u00a0gesetzlichen Aufbewahrungsfristen nach HGB und l\u00f6schen Ihre Daten nach Ablauf\u00a0dieser Fristen.<\/p>\n<h4>Bereitstellung vorgeschrieben oder erforderlich:<\/h4>\n<p>Die Bereitstellung Ihrer personenbezogenen Daten erfolgt freiwillig. Wir\u00a0k\u00f6nnen Ihre Anfrage jedoch nur bearbeiten, sofern Sie uns Ihren Namen, Ihre\u00a0E-Mail-Adresse\u00a0und den Grund der Anfrage mitteilen.<\/p>\n<h3>Verwendung von Scriptbibliotheken (Google Webfonts)<\/h3>\n<h4>Art und Zweck der\u00a0Verarbeitung:<\/h4>\n<p>Um unsere Inhalte browser\u00fcbergreifend korrekt und grafisch ansprechend\u00a0darzustellen, verwenden wir auf dieser Website \u201eGoogle Web Fonts\u201c der Google\u00a0LLC\u00a0(1600 Amphitheatre Parkway, Mountain View, CA 94043, USA; nachfolgend\u00a0\u201eGoogle\u201c) zur Darstellung von Schriften.<br \/>Die Datenschutzrichtlinie des Bibliothekbetreibers Google finden Sie hier:\u00a0https:\/\/www.google.com\/policies\/privacy\/<\/p>\n<h4>Rechtsgrundlage:<\/h4>\n<p>Rechtsgrundlage f\u00fcr die Einbindung von Google Webfonts und dem damit\u00a0verbundenen Datentransfer zu Google ist Ihre Einwilligung (Art. 6 Abs. 1 lit. a\u00a0DSGVO).<\/p>\n<h4>Empf\u00e4nger:<\/h4>\n<p>Der Aufruf von Scriptbibliotheken oder Schriftbibliotheken l\u00f6st automatisch\u00a0eine Verbindung zum Betreiber der Bibliothek aus. Dabei ist es theoretisch\u00a0m\u00f6glich \u2013\u00a0aktuell allerdings auch unklar ob und ggf. zu welchen Zwecken \u2013 dass\u00a0der Betreiber in diesem Fall Google Daten erhebt.<\/p>\n<h4>Speicherdauer:<\/h4>\n<p>Wir erheben keine personenbezogenen Daten, durch die Einbindung von Google\u00a0Webfonts.<br \/>Weitere Informationen zu Google Web Fonts finden Sie unter\u00a0https:\/\/developers.google.com\/fonts\/faq und in der Datenschutzerkl\u00e4rung von\u00a0Google:\u00a0https:\/\/www.google.com\/policies\/privacy\/.<\/p>\n<h4>Drittlandtransfer:<\/h4>\n<p>Google verarbeitet Ihre Daten in den USA und hat sich dem EU_US Privacy\u00a0Shield unterworfen https:\/\/www.privacyshield.gov\/EU-US-Framework.<\/p>\n<h4>Bereitstellung vorgeschrieben oder erforderlich:<\/h4>\n<p>Die Bereitstellung der personenbezogenen Daten ist weder gesetzlich, noch\u00a0vertraglich vorgeschrieben. Allerdings kann ggfs. die korrekte Darstellung der\u00a0Inhalte\u00a0durch Standardschriften nicht m\u00f6glich sein.<\/p>\n<h4>Widerruf der Einwilligung:<\/h4>\n<p>Zur Darstellung der Inhalte wird regelm\u00e4\u00dfig die Programmiersprache\u00a0JavaScript verwendet. Sie k\u00f6nnen der Datenverarbeitung daher widersprechen,\u00a0indem Sie die\u00a0Ausf\u00fchrung von JavaScript in Ihrem Browser deaktivieren oder\u00a0einen JavaScript-Blocker installieren. Bitte beachten Sie, dass es hierdurch zu\u00a0Funktionseinschr\u00e4nkungen auf der Website kommen kann.<\/p>\n<h3>SSL-Verschl\u00fcsselung<\/h3>\n<p>Um die Sicherheit Ihrer Daten bei der \u00dcbertragung zu sch\u00fctzen, verwenden\u00a0wir dem aktuellen Stand der Technik entsprechende Verschl\u00fcsselungsverfahren (z.\u00a0B.\u00a0SSL) \u00fcber HTTPS.<\/p>\n<h3>\u00c4nderung unserer Datenschutzbestimmungen<\/h3>\n<p>Wir behalten uns vor, diese Datenschutzerkl\u00e4rung anzupassen, damit sie\u00a0stets den aktuellen rechtlichen Anforderungen entspricht oder um \u00c4nderungen\u00a0unserer\u00a0Leistungen in der Datenschutzerkl\u00e4rung umzusetzen, z.B. bei der\u00a0Einf\u00fchrung neuer Services. F\u00fcr Ihren erneuten Besuch gilt dann die neue\u00a0Datenschutzerkl\u00e4rung.<\/p>\n<\/div>\n<\/div>\n<\/div>\n<\/div>\n<\/div>\n<\/section>\n<\/div>\n<\/div>\n<\/div>\n<\/div>\n<\/div>\n<\/div>\n<\/div>\n<\/section>\n<\/div>\n<\/div>\n<p>[\/et_pb_text][\/et_pb_column][\/et_pb_row][\/et_pb_section]<\/p>","protected":false},"excerpt":{"rendered":"<p>Datenschutz Datenschutzerkl\u00e4rung Verantwortlicher\u00a0im Sinne der Datenschutzgesetze, insbesondere der EU-Datenschutzgrundverordnung\u00a0(DSGVO), ist: Andreas M\u00fcllerNetzgraben 1865558 Kaltenholzhausen E-Mail: kontakt(at)mupuc.de Ihre Betroffenenrechte Unter den angegebenen\u00a0Kontaktdaten unseres Datenschutzbeauftragten k\u00f6nnen Sie jederzeit folgende\u00a0Rechte aus\u00fcben: Auskunft \u00fcber Ihre bei uns gespeicherten Daten und deren Verarbeitung (Art. 15 DSGVO), Berichtigung unrichtiger personenbezogener Daten (Art. 16 DSGVO), L\u00f6schung Ihrer bei uns gespeicherten Daten (Art. [&hellip;]<\/p>","protected":false},"author":1,"featured_media":0,"parent":0,"menu_order":0,"comment_status":"closed","ping_status":"closed","template":"","meta":{"_et_pb_use_builder":"on","_et_pb_old_content":"","_et_gb_content_width":"","footnotes":""},"class_list":["post-217","page","type-page","status-publish","hentry"],"_links":{"self":[{"href":"https:\/\/mupuc.de\/en\/wp-json\/wp\/v2\/pages\/217","targetHints":{"allow":["GET"]}}],"collection":[{"href":"https:\/\/mupuc.de\/en\/wp-json\/wp\/v2\/pages"}],"about":[{"href":"https:\/\/mupuc.de\/en\/wp-json\/wp\/v2\/types\/page"}],"author":[{"embeddable":true,"href":"https:\/\/mupuc.de\/en\/wp-json\/wp\/v2\/users\/1"}],"replies":[{"embeddable":true,"href":"https:\/\/mupuc.de\/en\/wp-json\/wp\/v2\/comments?post=217"}],"version-history":[{"count":2,"href":"https:\/\/mupuc.de\/en\/wp-json\/wp\/v2\/pages\/217\/revisions"}],"predecessor-version":[{"id":219,"href":"https:\/\/mupuc.de\/en\/wp-json\/wp\/v2\/pages\/217\/revisions\/219"}],"wp:attachment":[{"href":"https:\/\/mupuc.de\/en\/wp-json\/wp\/v2\/media?parent=217"}],"curies":[{"name":"wp","href":"https:\/\/api.w.org\/{rel}","templated":true}]}}