{"id":1106,"date":"2026-04-29T14:20:16","date_gmt":"2026-04-29T13:20:16","guid":{"rendered":"https:\/\/mupuc.de\/?page_id=1106"},"modified":"2026-04-29T14:21:47","modified_gmt":"2026-04-29T13:21:47","slug":"crc-2","status":"publish","type":"page","link":"https:\/\/mupuc.de\/en\/crc-2","title":{"rendered":"CRC"},"content":{"rendered":"<p>[et_pb_section fb_built=&#8220;1&#8243; admin_label=&#8220;Header&#8220; _builder_version=&#8220;4.21.0&#8243; _module_preset=&#8220;default&#8220; use_background_color_gradient=&#8220;on&#8220; background_color_gradient_direction=&#8220;90deg&#8220; background_color_gradient_stops=&#8220;gcid-a9d8e14e-2f78-408a-a83c-506939196b52 25%|rgba(42,47,49,0.54) 100%&#8220; background_color_gradient_overlays_image=&#8220;on&#8220; background_image=&#8220;http:\/\/mupuc.de\/wp-content\/uploads\/2025\/12\/online-university-16.jpg&#8220; custom_padding=&#8220;1vw||0px||false|false&#8220; locked=&#8220;off&#8220; collapsed=&#8220;on&#8220; global_colors_info=&#8220;{}&#8220;][et_pb_row column_structure=&#8220;2_3,1_3&#8243; _builder_version=&#8220;4.22.1&#8243; _module_preset=&#8220;default&#8220; custom_padding=&#8220;||||false|false&#8220; locked=&#8220;off&#8220; global_colors_info=&#8220;{}&#8220;][et_pb_column type=&#8220;2_3&#8243; _builder_version=&#8220;4.19.1&#8243; _module_preset=&#8220;default&#8220; global_colors_info=&#8220;{}&#8220;][et_pb_text _builder_version=&#8220;4.23.1&#8243; _module_preset=&#8220;dc509c6a-cde8-4d93-86c8-937f49033b24&#8243; header_text_color=&#8220;#FFFFFF&#8220; custom_margin=&#8220;||10px||false|false&#8220; global_colors_info=&#8220;{}&#8220;]<\/p>\n<h1>Commercial Reality Check<\/h1>\n<p>[\/et_pb_text][et_pb_text _builder_version=&#8220;4.23.1&#8243; _module_preset=&#8220;de697ca5-6755-4b06-a13e-2bf8e9c7e645&#8243; text_text_color=&#8220;gcid-a9d8e14e-2f78-408a-a83c-506939196b52&#8243; header_3_text_color=&#8220;#FFFFFF&#8220; global_colors_info=&#8220;{%22gcid-a9d8e14e-2f78-408a-a83c-506939196b52%22:%91%22text_text_color%22%93}&#8220;]<\/p>\n<h3>A significant part of your pipeline is not real. Your forecast is most likely wrong.<br \/>And your decisions are based on it.\nThis is not a talent problem. It is a control problem.<\/h3>\n<p>[\/et_pb_text][et_pb_text _builder_version=&#8220;4.23.1&#8243; _module_preset=&#8220;default&#8220; global_colors_info=&#8220;{}&#8220;]<\/p>\n<p><strong><span style=\"color: #ffffff;\">What We Do<\/span><\/strong><br \/><span style=\"color: #ffffff;\">In 2\u20134 weeks, we make your commercial reality visible. Deal by deal. No assumptions. No opinions.<\/span><br \/><span style=\"color: #ffffff;\">We analyse your active pipeline, conduct structured conversations with your Deal Owners, and align the findings with your leadership's perception. The output is not a PowerPoint. It is a clear basis for decision-making.<\/span><\/p>\n<p>[\/et_pb_text][et_pb_text _builder_version=&#8220;4.23.1&#8243; _module_preset=&#8220;default&#8220; global_colors_info=&#8220;{}&#8220;]<\/p>\n<blockquote>\n<p><em><span style=\"color: #ffffff;\">You will know: which deals are real \u2014 and which are not. \nWhether your forecast is reliable \u2014 or hope.    And what needs to happen next. <br \/>Ob Ihr Forecast belastbar ist \u2014 oder Hoffnung.\u00a0 \u00a0 Und was als n\u00e4chstes zu tun ist.<\/span><\/em><\/p>\n<\/blockquote>\n<p>[\/et_pb_text][\/et_pb_column][et_pb_column type=&#8220;1_3&#8243; _builder_version=&#8220;4.19.1&#8243; _module_preset=&#8220;default&#8220; global_colors_info=&#8220;{}&#8220;][\/et_pb_column][\/et_pb_row][et_pb_row column_structure=&#8220;1_3,1_3,1_3&#8243; use_custom_gutter=&#8220;on&#8220; gutter_width=&#8220;1&#8243; make_equal=&#8220;on&#8220; _builder_version=&#8220;4.19.2&#8243; _module_preset=&#8220;default&#8220; custom_padding=&#8220;0px||0px||true|false&#8220; box_shadow_style=&#8220;preset4&#8243; box_shadow_horizontal=&#8220;30vw&#8220; box_shadow_vertical=&#8220;0px&#8220; box_shadow_color=&#8220;gcid-a9d8e14e-2f78-408a-a83c-506939196b52&#8243; global_colors_info=&#8220;{%22gcid-a9d8e14e-2f78-408a-a83c-506939196b52%22:%91%22box_shadow_color%22%93}&#8220;][et_pb_column type=&#8220;1_3&#8243; _builder_version=&#8220;4.19.1&#8243; _module_preset=&#8220;default&#8220; global_colors_info=&#8220;{}&#8220;][\/et_pb_column][et_pb_column type=&#8220;1_3&#8243; _builder_version=&#8220;4.19.2&#8243; _module_preset=&#8220;default&#8220; background_color=&#8220;gcid-a4870473-0ec3-40e3-b68b-386afbb8d1b5&#8243; custom_padding=&#8220;50px|50px|50px|50px|true|true&#8220; custom_padding_tablet=&#8220;30px|30px|30px|30px|true|true&#8220; custom_padding_phone=&#8220;20px|20px|20px|20px|true|true&#8220; custom_padding_last_edited=&#8220;on|tablet&#8220; border_radii=&#8220;off|30px|||&#8220; global_colors_info=&#8220;{%22gcid-a4870473-0ec3-40e3-b68b-386afbb8d1b5%22:%91%22background_color%22%93}&#8220;][et_pb_blurb title=&#8220;Warum &#8220; use_icon=&#8220;on&#8220; font_icon=&#8220;&#xf0a1;||fa||900&#8243; _builder_version=&#8220;4.23.1&#8243; _module_preset=&#8220;339cd4ad-f213-4892-83e6-dae0c0d6ec95&#8243; body_text_color=&#8220;gcid-a9d8e14e-2f78-408a-a83c-506939196b52&#8243; locked=&#8220;off&#8220; global_colors_info=&#8220;{%22gcid-a9d8e14e-2f78-408a-a83c-506939196b52%22:%91%22body_text_color%22,%22body_text_color%22%93}&#8220;]<\/p>\n<p>Because companies do not fail due to a lack of numbers -<br \/>but because no one consistently uses them to steer.<\/p>\n<p>[\/et_pb_blurb][\/et_pb_column][et_pb_column type=&#8220;1_3&#8243; _builder_version=&#8220;4.19.1&#8243; _module_preset=&#8220;default&#8220; background_color=&#8220;gcid-a9d8e14e-2f78-408a-a83c-506939196b52&#8243; custom_padding=&#8220;50px|50px|50px|50px|true|true&#8220; custom_padding_tablet=&#8220;30px|30px|30px|30px|true|true&#8220; custom_padding_phone=&#8220;20px|20px|20px|20px|true|true&#8220; custom_padding_last_edited=&#8220;on|tablet&#8220; global_colors_info=&#8220;{%22gcid-a9d8e14e-2f78-408a-a83c-506939196b52%22:%91%22background_color%22%93}&#8220;][et_pb_blurb title=&#8220;Die Benefits liegen auf der Hand&#8220; use_icon=&#8220;on&#8220; font_icon=&#8220;&#xe007;||divi||400&#8243; _builder_version=&#8220;4.23.1&#8243; _module_preset=&#8220;e68c16ed-b24c-4d63-aa64-bdf9c6306eef&#8220; locked=&#8220;off&#8220; global_colors_info=&#8220;{}&#8220;]<\/p>\n<p data-start=\"0\" data-end=\"54\">Clarity.<br data-start=\"9\" data-end=\"12\" \/>Decision-making capability.<br data-start=\"35\" data-end=\"38\" \/>Accountability.<\/p>\n<p data-start=\"56\" data-end=\"96\" data-is-last-node=\"\" data-is-only-node=\"\">Everything that makes leadership effective again.<\/p>\n<p>[\/et_pb_blurb][\/et_pb_column][\/et_pb_row][\/et_pb_section][et_pb_section fb_built=&#8220;1&#8243; admin_label=&#8220;Call to Action&#8220; _builder_version=&#8220;4.21.0&#8243; _module_preset=&#8220;default&#8220; background_color=&#8220;gcid-a9d8e14e-2f78-408a-a83c-506939196b52&#8243; use_background_color_gradient=&#8220;on&#8220; background_color_gradient_direction=&#8220;90deg&#8220; background_color_gradient_stops=&#8220;gcid-18a7d06a-1ed9-4e8b-bef0-ea365f6c384a 50%|gcid-a9d8e14e-2f78-408a-a83c-506939196b52 50%&#8220; custom_padding=&#8220;0px||0px||true|false&#8220; background_last_edited=&#8220;on|desktop&#8220; use_background_color_gradient_tablet=&#8220;off&#8220; locked=&#8220;off&#8220; collapsed=&#8220;on&#8220; global_colors_info=&#8220;{%22gcid-a9d8e14e-2f78-408a-a83c-506939196b52%22:%91%22background_color%22,%22background_color_gradient_stops%22%93,%22gcid-18a7d06a-1ed9-4e8b-bef0-ea365f6c384a%22:%91%22background_color_gradient_stops%22%93}&#8220;][et_pb_row column_structure=&#8220;1_3,2_3&#8243; use_custom_gutter=&#8220;on&#8220; gutter_width=&#8220;1&#8243; make_equal=&#8220;on&#8220; _builder_version=&#8220;4.21.0&#8243; _module_preset=&#8220;default&#8220; custom_padding=&#8220;0px||0px||true|false&#8220; global_colors_info=&#8220;{}&#8220;][et_pb_column type=&#8220;1_3&#8243; _builder_version=&#8220;4.19.1&#8243; _module_preset=&#8220;default&#8220; global_colors_info=&#8220;{}&#8220;][et_pb_image src=&#8220;http:\/\/mupuc.de\/wp-content\/uploads\/2025\/12\/Forecast.jpg&#8220; title_text=&#8220;Forecast&#8220; _builder_version=&#8220;4.23.1&#8243; _module_preset=&#8220;default&#8220; custom_margin=&#8220;|||-30vw|false|false&#8220; custom_margin_tablet=&#8220;||30px|0vw|false|false&#8220; custom_margin_phone=&#8220;||30px|0vw|false|false&#8220; custom_margin_last_edited=&#8220;on|desktop&#8220; border_radii=&#8220;off|||30px|&#8220; global_colors_info=&#8220;{}&#8220;][\/et_pb_image][\/et_pb_column][et_pb_column type=&#8220;2_3&#8243; _builder_version=&#8220;4.21.0&#8243; _module_preset=&#8220;default&#8220; background_color=&#8220;gcid-18a7d06a-1ed9-4e8b-bef0-ea365f6c384a&#8220; custom_padding=&#8220;60px|60px|60px|60px|true|true&#8220; custom_padding_tablet=&#8220;30px|30px|30px|30px|true|true&#8220; custom_padding_phone=&#8220;20px|20px|20px|20px|true|true&#8220; custom_padding_last_edited=&#8220;on|tablet&#8220; border_radii=&#8220;off||30px||&#8220; global_colors_info=&#8220;{%22gcid-18a7d06a-1ed9-4e8b-bef0-ea365f6c384a%22:%91%22background_color%22%93}&#8220;][et_pb_text _builder_version=&#8220;4.23.1&#8243; _module_preset=&#8220;a2fdb074-b93b-4451-b083-cc6ed766a3bf&#8220; global_colors_info=&#8220;{}&#8220;]<\/p>\n<h2>What is this really about?<\/h2>\n<p>[\/et_pb_text][et_pb_text _builder_version=&#8220;4.23.1&#8243; _module_preset=&#8220;62642d06-7e02-451f-a953-935667ff5595&#8243; custom_margin=&#8220;||30px||false|false&#8220; global_colors_info=&#8220;{}&#8220;]<\/p>\n<p>This is not about sales. It is not about better processes or new tools. It is about how much of what your organisation treats as reality actually is reality \u2014 and how much of it is hope that nobody says out loud. The Commercial Reality Check makes exactly that visible.<\/p>\n<p><strong>Not to find blame. But because decisions built on false assumptions always get more expensive \u2014 the longer you wait.<\/strong><\/p>\n<p>[\/et_pb_text][et_pb_button button_url=&#8220;https:\/\/mupuc.de\/kontakt&#8220; url_new_window=&#8220;on&#8220; button_text=&#8220;Contact&#8220; _builder_version=&#8220;4.23.1&#8243; _module_preset=&#8220;5ac56642-764e-43dd-aac2-d3f216c33304&#8243; global_colors_info=&#8220;{}&#8220;][\/et_pb_button][\/et_pb_column][\/et_pb_row][\/et_pb_section]<\/p>","protected":false},"excerpt":{"rendered":"<p>Commercial Reality CheckEin signifikanter Teil Ihrer Pipeline ist nicht real. Ihr Forecast ist mit hoher Wahrscheinlichkeit falsch.Und Ihre Entscheidungen basieren darauf. Das ist kein Talent-Problem. Es ist ein Kontrollproblem.Was wir tunIn 2\u20134 Wochen machen wir Ihre kommerzielle Realit\u00e4t sichtbar. Deal f\u00fcr Deal. Ohne Annahmen. Ohne Meinungen.Wir analysieren Ihre aktive Pipeline, f\u00fchren strukturierte Gespr\u00e4che mit Ihren [&hellip;]<\/p>","protected":false},"author":1,"featured_media":0,"parent":0,"menu_order":0,"comment_status":"closed","ping_status":"closed","template":"","meta":{"_et_pb_use_builder":"on","_et_pb_old_content":"","_et_gb_content_width":"","footnotes":""},"class_list":["post-1106","page","type-page","status-publish","hentry"],"_links":{"self":[{"href":"https:\/\/mupuc.de\/en\/wp-json\/wp\/v2\/pages\/1106","targetHints":{"allow":["GET"]}}],"collection":[{"href":"https:\/\/mupuc.de\/en\/wp-json\/wp\/v2\/pages"}],"about":[{"href":"https:\/\/mupuc.de\/en\/wp-json\/wp\/v2\/types\/page"}],"author":[{"embeddable":true,"href":"https:\/\/mupuc.de\/en\/wp-json\/wp\/v2\/users\/1"}],"replies":[{"embeddable":true,"href":"https:\/\/mupuc.de\/en\/wp-json\/wp\/v2\/comments?post=1106"}],"version-history":[{"count":3,"href":"https:\/\/mupuc.de\/en\/wp-json\/wp\/v2\/pages\/1106\/revisions"}],"predecessor-version":[{"id":1109,"href":"https:\/\/mupuc.de\/en\/wp-json\/wp\/v2\/pages\/1106\/revisions\/1109"}],"wp:attachment":[{"href":"https:\/\/mupuc.de\/en\/wp-json\/wp\/v2\/media?parent=1106"}],"curies":[{"name":"wp","href":"https:\/\/api.w.org\/{rel}","templated":true}]}}